{"id":19,"date":"2013-04-05T15:51:53","date_gmt":"2013-04-05T15:51:53","guid":{"rendered":"http:\/\/www.eslbauer.com\/eslbauer_wp\/?page_id=19"},"modified":"2013-06-07T12:34:13","modified_gmt":"2013-06-07T10:34:13","slug":"home","status":"publish","type":"page","link":"http:\/\/www.eslbauer.com\/eslbauer_wp\/","title":{"rendered":"Leitbild"},"content":{"rendered":"<p><strong>Bestm\u00f6gliche Unterst\u00fctzung von Kunden bei der Analyse und Planung von Ver\u00e4nderungen im organisatorischen und\u00a0IT-technischen Umfeld durch Beratung, Prozessmanagement und Projektarbeit (Business Analyse, Projektbegleitung).<\/strong><\/p>\n<ul>\n<li>Mit\u00a0zuverl\u00e4ssiger und professioneller Arbeit in Ihren Projekten, als Analyst oder Prozessmanager, f\u00fcr Sie Nutzen erzeugen.<\/li>\n<li>Als unabh\u00e4ngiger Berater\u00a0jeweils die bestm\u00f6gliche L\u00f6sung anstreben.<\/li>\n<li>Durch die Sicht des au\u00dfenstehenden Betrachters das Gesamtbild\u00a0im Auge behalten und dabei die Faktoren Zeit, Qualit\u00e4t, Kosten und Flexibilit\u00e4t abw\u00e4gend aufeinander abstimmen.<\/li>\n<li>Sozial kompetent mit Einzelpersonen und Teams harmonisch zusammenarbeiten<\/li>\n<li>Den Fokus auf den Kernkompetenzen halten und durch kontinuierliche Weiterentwicklung\u00a0ein kompetenter Partner sein.<\/li>\n<\/ul>\n<p style=\"text-align: center;\"><em><a href=\"http:\/\/www.eslbauer.com\/eslbauer_wp\/wp-content\/uploads\/2013\/04\/actplandocheck1.png\"><img loading=\"lazy\" decoding=\"async\" class=\"size-medium wp-image-233\" alt=\"actplandocheck\" src=\"http:\/\/www.eslbauer.com\/eslbauer_wp\/wp-content\/uploads\/2013\/04\/actplandocheck1-300x256.png\" width=\"182\" height=\"141\" \/><\/a><\/em><em><br \/>\nMan soll die Dinge so einfach wie m\u00f6glich machen, aber nicht einfacher. (Albert Einstein)<\/em><\/p>\n","protected":false},"excerpt":{"rendered":"<p>Bestm\u00f6gliche Unterst\u00fctzung von Kunden bei der Analyse und Planung von Ver\u00e4nderungen im organisatorischen und\u00a0IT-technischen Umfeld durch Beratung, Prozessmanagement und Projektarbeit (Business Analyse, Projektbegleitung). Mit\u00a0zuverl\u00e4ssiger und professioneller Arbeit in Ihren Projekten, als Analyst oder Prozessmanager, f\u00fcr Sie Nutzen erzeugen. Als unabh\u00e4ngiger <span class=\"excerpt-dots\">&hellip;<\/span> <a class=\"more-link\" href=\"http:\/\/www.eslbauer.com\/eslbauer_wp\/\"><span class=\"more-msg\">Continue reading &rarr;<\/span><\/a><\/p>\n","protected":false},"author":1,"featured_media":0,"parent":0,"menu_order":0,"comment_status":"closed","ping_status":"closed","template":"","meta":{"footnotes":""},"_links":{"self":[{"href":"http:\/\/www.eslbauer.com\/eslbauer_wp\/index.php?rest_route=\/wp\/v2\/pages\/19"}],"collection":[{"href":"http:\/\/www.eslbauer.com\/eslbauer_wp\/index.php?rest_route=\/wp\/v2\/pages"}],"about":[{"href":"http:\/\/www.eslbauer.com\/eslbauer_wp\/index.php?rest_route=\/wp\/v2\/types\/page"}],"author":[{"embeddable":true,"href":"http:\/\/www.eslbauer.com\/eslbauer_wp\/index.php?rest_route=\/wp\/v2\/users\/1"}],"replies":[{"embeddable":true,"href":"http:\/\/www.eslbauer.com\/eslbauer_wp\/index.php?rest_route=%2Fwp%2Fv2%2Fcomments&post=19"}],"version-history":[{"count":60,"href":"http:\/\/www.eslbauer.com\/eslbauer_wp\/index.php?rest_route=\/wp\/v2\/pages\/19\/revisions"}],"predecessor-version":[{"id":27,"href":"http:\/\/www.eslbauer.com\/eslbauer_wp\/index.php?rest_route=\/wp\/v2\/pages\/19\/revisions\/27"}],"wp:attachment":[{"href":"http:\/\/www.eslbauer.com\/eslbauer_wp\/index.php?rest_route=%2Fwp%2Fv2%2Fmedia&parent=19"}],"curies":[{"name":"wp","href":"https:\/\/api.w.org\/{rel}","templated":true}]}}