{"id":2254,"date":"2023-01-30T15:46:18","date_gmt":"2023-01-30T13:46:18","guid":{"rendered":"http:\/\/www.eslbauer.com\/eslbauer_wp\/?page_id=2254"},"modified":"2023-01-30T16:24:44","modified_gmt":"2023-01-30T14:24:44","slug":"emis","status":"publish","type":"page","link":"http:\/\/www.eslbauer.com\/eslbauer_wp\/?page_id=2254","title":{"rendered":"eMIS"},"content":{"rendered":"\n<p>(<strong>e<\/strong>ffektives <strong>M<\/strong>anagement <strong>I<\/strong>nformations <strong>S<\/strong>ystem)<\/p>\n\n\n<p><strong>Ein schlankes, effizientes, g\u00fcnstiges, system\u00fcbergreifendes Reportingsystem f\u00fcr die schnelle Umsetzung von nicht standardm\u00e4\u00dfig m\u00f6glichen Analysen<\/strong> (im \u00fcblichen Reporting von bestehenden Systemen nicht enthalten, oder vorgesehen).<\/p>\n<p>Dies betrifft folgende Szenarien:<\/p>\n<ul>\n<li><strong>System\u00fcbergreifende Analysen<\/strong> umsetzen<br>(Beispiel: Suche nach Differenzen zwischen einem Auftragseingangssystem und dem dahinterliegenden Produktionssystem)<\/li>\n<li class=\"MsoNormal\"><b style=\"mso-bidi-font-weight: normal;\">Tiefergehende Einblicke in ein System<\/b> schaffen<br>(Beispiele: Wurde ein Prozess in einem Workflowsystem beendet, obwohl einige Anforderungen noch nicht erf\u00fcllt sind?<span style=\"mso-spacerun: yes;\">&nbsp; <\/span>Suche nach Inkonsistenzen in einem System. Vertiefung eines Detaillierungsgrades, etc.)<\/li>\n<li><strong>Erstellen eines Dashboards<\/strong> zur Anzeige von Kennzahlen &nbsp; <br>(typische Datawarehouse L\u00f6sung im kleinen Umfang)<\/li>\n<\/ul>\n\n\n<p><\/p>\n\n\n<p class=\"MsoNormal\"><\/p>\n\n\n<\/p>\n<p>T<u>echnische Basis:<br \/><\/u>\n\n\n<p>Metabase als Tool (Analyse, Reports, Dashboard) \u2013 keine Lizenzkosten<br>SQL Datenbank zur Datenhaltung<br>SQL Skript f\u00fcr ELT Prozess<br>Datenbanklinks zu Quellsystemen, oder Exportscripts (einzurichten von der IT)<\/p>\n<p class=\"MsoNormal\"><u>Anspruch:<\/u><br>Anlegen eines Systems, das aktuelle Bed\u00fcrfnisse schnell und g\u00fcnstig erf\u00fcllt. Besonders in Bereichen wo sich die Anschaffung eines aufw\u00e4ndigen Systems nicht rechnet. Technisch ist der Ansatz so einfach wie m\u00f6glich, dadurch transparent, erweiterbar und in kurzem Zeitraum rentabel. <b style=\"mso-bidi-font-weight: normal;\">Schwerpunkt der L\u00f6sung ist die Definition nutzbringender Kennzahlen <\/b>sowie eine Analyse der Quellsysteme in enger Zusammenarbeit mit dem Auftraggeber.<\/p>\n\n\n<p><\/p>\n\n\n<p><u>M\u00f6glicher Start:<\/u><br \/>Ausf\u00fchren eines \u201aProof of Concept\u2018 im Rahmen von 3-5 Tagen:<\/p>\n<ul>\n<li class=\"MsoNormal\">Workshop zum Anforderungen definieren<\/li>\n<li>Umsetzung einiger exemplarischer Auswertungen<\/li>\n<li>Ausarbeiten eines Plans f\u00fcr ein m\u00f6gliches weiteres Vorgehen inkl. Aufwandsch\u00e4tzung<\/li>\n<li>Abschlussworkshop<\/li>\n<\/ul>\n<p><span style=\"text-decoration: underline;\"><br \/>Aufwand:<\/span><br data-rich-text-line-break=\"true\" \/>Ein Projektgesamtumfang von 20-30 PT sollte \u00fcblichen Anforderungen entsprechen.<\/p>\n<p>\u00a0<\/p>\n<p style=\"text-align: center;\"><em>Ob Sie glauben eine Sache tun zu k\u00f6nnen oder nicht &#8211; in beiden F\u00e4llen haben Sie recht!<\/em><\/p>\n\n\n<p><\/p>\n","protected":false},"excerpt":{"rendered":"<p>(effektives Management Informations System) Ein schlankes, effizientes, g\u00fcnstiges, system\u00fcbergreifendes Reportingsystem f\u00fcr die schnelle Umsetzung von nicht standardm\u00e4\u00dfig m\u00f6glichen Analysen (im \u00fcblichen Reporting von bestehenden Systemen nicht enthalten, oder vorgesehen). Dies betrifft folgende Szenarien: System\u00fcbergreifende Analysen umsetzen(Beispiel: Suche nach Differenzen zwischen <span class=\"excerpt-dots\">&hellip;<\/span> <a class=\"more-link\" href=\"http:\/\/www.eslbauer.com\/eslbauer_wp\/?page_id=2254\"><span class=\"more-msg\">Continue reading &rarr;<\/span><\/a><\/p>\n","protected":false},"author":1,"featured_media":0,"parent":0,"menu_order":0,"comment_status":"closed","ping_status":"closed","template":"","meta":{"footnotes":""},"_links":{"self":[{"href":"http:\/\/www.eslbauer.com\/eslbauer_wp\/index.php?rest_route=\/wp\/v2\/pages\/2254"}],"collection":[{"href":"http:\/\/www.eslbauer.com\/eslbauer_wp\/index.php?rest_route=\/wp\/v2\/pages"}],"about":[{"href":"http:\/\/www.eslbauer.com\/eslbauer_wp\/index.php?rest_route=\/wp\/v2\/types\/page"}],"author":[{"embeddable":true,"href":"http:\/\/www.eslbauer.com\/eslbauer_wp\/index.php?rest_route=\/wp\/v2\/users\/1"}],"replies":[{"embeddable":true,"href":"http:\/\/www.eslbauer.com\/eslbauer_wp\/index.php?rest_route=%2Fwp%2Fv2%2Fcomments&post=2254"}],"version-history":[{"count":20,"href":"http:\/\/www.eslbauer.com\/eslbauer_wp\/index.php?rest_route=\/wp\/v2\/pages\/2254\/revisions"}],"predecessor-version":[{"id":2290,"href":"http:\/\/www.eslbauer.com\/eslbauer_wp\/index.php?rest_route=\/wp\/v2\/pages\/2254\/revisions\/2290"}],"wp:attachment":[{"href":"http:\/\/www.eslbauer.com\/eslbauer_wp\/index.php?rest_route=%2Fwp%2Fv2%2Fmedia&parent=2254"}],"curies":[{"name":"wp","href":"https:\/\/api.w.org\/{rel}","templated":true}]}}